{"id":488,"date":"2014-02-12T09:34:21","date_gmt":"2014-02-12T07:34:21","guid":{"rendered":"http:\/\/www.feblux.lu\/deutsch\/?page_id=488"},"modified":"2026-02-11T12:30:46","modified_gmt":"2026-02-11T10:30:46","slug":"balance-sheets","status":"publish","type":"page","link":"https:\/\/www.feblux.lu\/deutsch\/news-press\/balance-sheets\/","title":{"rendered":"Balance sheets"},"content":{"rendered":"<p style=\"text-align: justify;\">Our <strong>balance sheets<\/strong> (in French), totally transparent, registered at the national commercial register (<em>Registre de Commerce et des Soci\u00e9t\u00e9s, Luxembourg<\/em> &#8211;\u00a0<a href=\"http:\/\/www.rcsl.lu\/\">http:\/\/www.rcsl.lu<\/a>) every year:<\/p>\n<p><a href=\"http:\/\/www.feblux.lu\/deutsch\/wp-content\/uploads\/2012\/12\/F\u00cbB.Bilan_.2009.Scan_.pdf\">F\u00cbB-Bilanz 2009<\/a><\/p>\n<p><a href=\"http:\/\/www.feblux.lu\/deutsch\/wp-content\/uploads\/2012\/12\/F\u00cbB.Bilan_.2010.Scan_.pdf\">F\u00cbB-Bilanz 2010<\/a><\/p>\n<p><a href=\"http:\/\/www.feblux.lu\/deutsch\/wp-content\/uploads\/2012\/12\/F\u00cbB.Bilan_.2011.Scan_.RCS_.pdf\">F\u00cbB-Bilanz 2011<\/a><\/p>\n<p><a href=\"http:\/\/www.feblux.lu\/deutsch\/wp-content\/uploads\/2012\/12\/F\u00cbB.Bilan_.2012.RCS_.D\u00e9p\u00f4t.pdf\">F\u00cbB-Bilanz 2012<\/a><\/p>\n<p><a href=\"http:\/\/www.feblux.lu\/deutsch\/wp-content\/uploads\/2014\/02\/F\u00cbB.Bilan_.2013.RCS_.pdf\">F\u00cbB-Bilanz 2013<\/a><\/p>\n<p><a href=\"http:\/\/www.feblux.lu\/deutsch\/wp-content\/uploads\/2014\/02\/F\u00cbB.Bilan_.2014.Scan_.RCS_.pdf\">F\u00cbB-Bilanz 2014<\/a><\/p>\n<p><a href=\"http:\/\/www.feblux.lu\/deutsch\/wp-content\/uploads\/2014\/02\/F\u00cbB.Bilan_.2015.RCS_.pdf\" rel=\"\">F\u00cbB-Bilanz 2015<\/a><\/p>\n<p><a href=\"http:\/\/www.feblux.lu\/deutsch\/wp-content\/uploads\/2014\/02\/F\u00ebBLux.Bilan_.2016.RCS_.pdf\">F\u00ebBLux-Bilanz 2016<\/a><\/p>\n<p><a href=\"http:\/\/www.feblux.lu\/deutsch\/wp-content\/uploads\/2018\/03\/F\u00ebBLux.Bilan_.2017.RCS_.pdf\">F\u00ebBLux-Bilanz 2017<\/a><\/p>\n<p><a href=\"http:\/\/www.feblux.lu\/deutsch\/wp-content\/uploads\/2019\/02\/F\u00ebBLux.Bilan_.2018.RCS_.pdf\">F\u00ebBLux-Bilanz 2018<\/a><\/p>\n<p><a href=\"http:\/\/www.feblux.lu\/deutsch\/wp-content\/uploads\/2020\/01\/F\u00ebBLux.Bilan_.2019.RCS_.D\u00e9p\u00f4t.pdf\">F\u00ebBLux-Bilanz 2019<\/a><\/p>\n<p><a href=\"http:\/\/www.feblux.lu\/deutsch\/wp-content\/uploads\/2021\/02\/FeBLux.Bilan_.2020.RCS_.Depot_.pdf\">F\u00ebBLux-Bilanz 2020<\/a><\/p>\n<p><a href=\"http:\/\/www.feblux.lu\/deutsch\/wp-content\/uploads\/2022\/01\/FeBLux.Bilan_.2021.Depot_.RCS_.pdf\">F\u00ebBLux-Bilanz 2021<\/a><\/p>\n<p><a href=\"http:\/\/www.feblux.lu\/deutsch\/wp-content\/uploads\/2023\/01\/FeBLux.Bilan_.2022.Depot_.RCS_.pdf\">F\u00ebBLux-Bilanz 2022<\/a><\/p>\n<p><a href=\"http:\/\/www.feblux.lu\/deutsch\/wp-content\/uploads\/2024\/03\/FeBLux.RCS_.Bilan_.2023.pdf\">F\u00ebBLux-Bilanz 2023<\/a><\/p>\n<p><a href=\"https:\/\/www.feblux.lu\/deutsch\/wp-content\/uploads\/2025\/01\/FeBLux.Bilan_.2024.Depot_.RCS_.pdf\">F\u00ebBLux-Bilanz 2024<\/a><\/p>\n<p><a href=\"https:\/\/www.feblux.lu\/deutsch\/wp-content\/uploads\/2026\/02\/FeBLux.Bilan_.2025.signe_.pdf\">F\u00ebBLux-Bilanz 2025<\/a><\/p>\n\n\n<p><\/p>\n","protected":false},"excerpt":{"rendered":"<p>Our balance sheets (in French), totally transparent, registered at the national commercial register (Registre de Commerce et des Soci\u00e9t\u00e9s, Luxembourg [&hellip;]<\/p>\n","protected":false},"author":2,"featured_media":0,"parent":47,"menu_order":5,"comment_status":"closed","ping_status":"closed","template":"","meta":{"footnotes":""},"class_list":["post-488","page","type-page","status-publish","hentry"],"_links":{"self":[{"href":"https:\/\/www.feblux.lu\/deutsch\/wp-json\/wp\/v2\/pages\/488","targetHints":{"allow":["GET"]}}],"collection":[{"href":"https:\/\/www.feblux.lu\/deutsch\/wp-json\/wp\/v2\/pages"}],"about":[{"href":"https:\/\/www.feblux.lu\/deutsch\/wp-json\/wp\/v2\/types\/page"}],"author":[{"embeddable":true,"href":"https:\/\/www.feblux.lu\/deutsch\/wp-json\/wp\/v2\/users\/2"}],"replies":[{"embeddable":true,"href":"https:\/\/www.feblux.lu\/deutsch\/wp-json\/wp\/v2\/comments?post=488"}],"version-history":[{"count":19,"href":"https:\/\/www.feblux.lu\/deutsch\/wp-json\/wp\/v2\/pages\/488\/revisions"}],"predecessor-version":[{"id":2033,"href":"https:\/\/www.feblux.lu\/deutsch\/wp-json\/wp\/v2\/pages\/488\/revisions\/2033"}],"up":[{"embeddable":true,"href":"https:\/\/www.feblux.lu\/deutsch\/wp-json\/wp\/v2\/pages\/47"}],"wp:attachment":[{"href":"https:\/\/www.feblux.lu\/deutsch\/wp-json\/wp\/v2\/media?parent=488"}],"curies":[{"name":"wp","href":"https:\/\/api.w.org\/{rel}","templated":true}]}}